{"id":10709,"date":"2014-11-19T15:14:03","date_gmt":"2014-11-19T15:14:03","guid":{"rendered":"http:\/\/avada.theme-fusion.comxml\/?page_id=10709"},"modified":"2024-09-16T08:54:24","modified_gmt":"2024-09-16T06:54:24","slug":"home-3","status":"publish","type":"page","link":"https:\/\/www.oscarbstudio.com\/en\/","title":{"rendered":"Home"},"content":{"rendered":"<p><div class=\"fusion-fullwidth fullwidth-box video-background nonhundred-percent-fullwidth non-hundred-percent-height-scrolling\"  style='background-color: #ffffff;background-position: left top;background-repeat: repeat;padding-top:25px;padding-right:0px;padding-bottom:0px;padding-left:0px;border-top-width:0px;border-bottom-width:0px;border-color:#eae9e9;border-top-style:solid;border-bottom-style:solid;'><div id=\"video-1\" class=\"fusion-background-video-wrapper\" data-vimeo-video-id=\"59418626\" data-mute=\"yes\" data-video-aspect-ratio=\"16:9\" style=\"opacity:0;\"><iframe id=\"video-iframe-1\" class=\"fusion-container-video-bg\" src=\"\/\/player.vimeo.com\/video\/59418626?html5=1&autopause=0&autoplay=1&badge=0&byline=0&autopause=0&loop=1&title=0&muted=1\" frameborder=\"0\"><\/iframe><\/div><div class=\"fusion-builder-row fusion-row \"><div  class=\"fusion-layout-column fusion_builder_column fusion_builder_column_1_1  fusion-one-full fusion-column-first fusion-column-last fusion-column-no-min-height 1_1\"  style='margin-top:0px;margin-bottom:0px;'>\n\t\t\t\t\t<div class=\"fusion-column-wrapper\" style=\"padding: 100% 0px 0px 0px;background-position:left top;background-repeat:no-repeat;-webkit-background-size:cover;-moz-background-size:cover;-o-background-size:cover;background-size:cover;\"  data-bg-url=\"\">\n\t\t\t\t\t\t<div class=\"fusion-text\"><\/div><div class=\"fusion-clearfix\"><\/div>\n\n\t\t\t\t\t<\/div>\n\t\t\t\t<\/div><\/div><\/div><\/p>","protected":false},"excerpt":{"rendered":"","protected":false},"author":1,"featured_media":0,"parent":0,"menu_order":0,"comment_status":"closed","ping_status":"closed","template":"100-width.php","meta":{"_exactmetrics_skip_tracking":false,"_exactmetrics_sitenote_active":false,"_exactmetrics_sitenote_note":"","_exactmetrics_sitenote_category":0,"_uf_show_specific_survey":0,"_uf_disable_surveys":false,"footnotes":""},"class_list":["post-10709","page","type-page","status-publish","hentry"],"yoast_head":"<!-- This site is optimized with the Yoast SEO plugin v25.6 - https:\/\/yoast.com\/wordpress\/plugins\/seo\/ -->\n<title>Home - oscar B studio<\/title>\n<meta name=\"description\" content=\"(Fran\u00e7ais) Agence et studio d&#039;animation 2D et 3D. Bas\u00e9 \u00e0 Paris et Lyon, nous r\u00e9alisons et produisons des films pour des agences de communication et annonceurs.\" \/>\n<meta name=\"robots\" content=\"index, follow, max-snippet:-1, max-image-preview:large, max-video-preview:-1\" \/>\n<link rel=\"canonical\" href=\"https:\/\/www.oscarbstudio.com\/en\/\" \/>\n<meta property=\"og:locale\" content=\"en_US\" \/>\n<meta property=\"og:type\" content=\"article\" \/>\n<meta property=\"og:title\" content=\"Home - oscar B studio\" \/>\n<meta property=\"og:description\" content=\"(Fran\u00e7ais) Agence et studio d&#039;animation 2D et 3D. Bas\u00e9 \u00e0 Paris et Lyon, nous r\u00e9alisons et produisons des films pour des agences de communication et annonceurs.\" \/>\n<meta property=\"og:url\" content=\"https:\/\/www.oscarbstudio.com\/en\/\" \/>\n<meta property=\"og:site_name\" content=\"oscar B studio\" \/>\n<meta property=\"article:publisher\" content=\"https:\/\/www.facebook.com\/pages\/category\/Business-Service\/oscar-B-studio-506265036143613\/\" \/>\n<meta property=\"article:modified_time\" content=\"2024-09-16T06:54:24+00:00\" \/>\n<meta name=\"twitter:card\" content=\"summary_large_image\" \/>\n<meta name=\"twitter:label1\" content=\"Est. reading time\" \/>\n\t<meta name=\"twitter:data1\" content=\"2 minutes\" \/>\n<script type=\"application\/ld+json\" class=\"yoast-schema-graph\">{\"@context\":\"https:\/\/schema.org\",\"@graph\":[{\"@type\":\"WebPage\",\"@id\":\"https:\/\/www.oscarbstudio.com\/en\/\",\"url\":\"https:\/\/www.oscarbstudio.com\/en\/\",\"name\":\"Home - oscar B studio\",\"isPartOf\":{\"@id\":\"https:\/\/www.oscarbstudio.com\/en\/#website\"},\"datePublished\":\"2014-11-19T15:14:03+00:00\",\"dateModified\":\"2024-09-16T06:54:24+00:00\",\"description\":\"(Fran\u00e7ais) Agence et studio d'animation 2D et 3D. Bas\u00e9 \u00e0 Paris et Lyon, nous r\u00e9alisons et produisons des films pour des agences de communication et annonceurs.\",\"breadcrumb\":{\"@id\":\"https:\/\/www.oscarbstudio.com\/en\/#breadcrumb\"},\"inLanguage\":\"en-US\",\"potentialAction\":[{\"@type\":\"ReadAction\",\"target\":[\"https:\/\/www.oscarbstudio.com\/en\/\"]}]},{\"@type\":\"BreadcrumbList\",\"@id\":\"https:\/\/www.oscarbstudio.com\/en\/#breadcrumb\",\"itemListElement\":[{\"@type\":\"ListItem\",\"position\":1,\"name\":\"Accueil\",\"item\":\"https:\/\/www.oscarbstudio.com\/en\/\"},{\"@type\":\"ListItem\",\"position\":2,\"name\":\"Home\"}]},{\"@type\":\"WebSite\",\"@id\":\"https:\/\/www.oscarbstudio.com\/en\/#website\",\"url\":\"https:\/\/www.oscarbstudio.com\/en\/\",\"name\":\"oscar B studio\",\"description\":\"Studio d&#039;animation\",\"potentialAction\":[{\"@type\":\"SearchAction\",\"target\":{\"@type\":\"EntryPoint\",\"urlTemplate\":\"https:\/\/www.oscarbstudio.com\/en\/?s={search_term_string}\"},\"query-input\":{\"@type\":\"PropertyValueSpecification\",\"valueRequired\":true,\"valueName\":\"search_term_string\"}}],\"inLanguage\":\"en-US\"}]}<\/script>\n<!-- \/ Yoast SEO plugin. -->","yoast_head_json":{"title":"Home - oscar B studio","description":"(Fran\u00e7ais) Agence et studio d'animation 2D et 3D. Bas\u00e9 \u00e0 Paris et Lyon, nous r\u00e9alisons et produisons des films pour des agences de communication et annonceurs.","robots":{"index":"index","follow":"follow","max-snippet":"max-snippet:-1","max-image-preview":"max-image-preview:large","max-video-preview":"max-video-preview:-1"},"canonical":"https:\/\/www.oscarbstudio.com\/en\/","og_locale":"en_US","og_type":"article","og_title":"Home - oscar B studio","og_description":"(Fran\u00e7ais) Agence et studio d'animation 2D et 3D. Bas\u00e9 \u00e0 Paris et Lyon, nous r\u00e9alisons et produisons des films pour des agences de communication et annonceurs.","og_url":"https:\/\/www.oscarbstudio.com\/en\/","og_site_name":"oscar B studio","article_publisher":"https:\/\/www.facebook.com\/pages\/category\/Business-Service\/oscar-B-studio-506265036143613\/","article_modified_time":"2024-09-16T06:54:24+00:00","twitter_card":"summary_large_image","twitter_misc":{"Est. reading time":"2 minutes"},"schema":{"@context":"https:\/\/schema.org","@graph":[{"@type":"WebPage","@id":"https:\/\/www.oscarbstudio.com\/en\/","url":"https:\/\/www.oscarbstudio.com\/en\/","name":"Home - oscar B studio","isPartOf":{"@id":"https:\/\/www.oscarbstudio.com\/en\/#website"},"datePublished":"2014-11-19T15:14:03+00:00","dateModified":"2024-09-16T06:54:24+00:00","description":"(Fran\u00e7ais) Agence et studio d'animation 2D et 3D. Bas\u00e9 \u00e0 Paris et Lyon, nous r\u00e9alisons et produisons des films pour des agences de communication et annonceurs.","breadcrumb":{"@id":"https:\/\/www.oscarbstudio.com\/en\/#breadcrumb"},"inLanguage":"en-US","potentialAction":[{"@type":"ReadAction","target":["https:\/\/www.oscarbstudio.com\/en\/"]}]},{"@type":"BreadcrumbList","@id":"https:\/\/www.oscarbstudio.com\/en\/#breadcrumb","itemListElement":[{"@type":"ListItem","position":1,"name":"Accueil","item":"https:\/\/www.oscarbstudio.com\/en\/"},{"@type":"ListItem","position":2,"name":"Home"}]},{"@type":"WebSite","@id":"https:\/\/www.oscarbstudio.com\/en\/#website","url":"https:\/\/www.oscarbstudio.com\/en\/","name":"oscar B studio","description":"Studio d&#039;animation","potentialAction":[{"@type":"SearchAction","target":{"@type":"EntryPoint","urlTemplate":"https:\/\/www.oscarbstudio.com\/en\/?s={search_term_string}"},"query-input":{"@type":"PropertyValueSpecification","valueRequired":true,"valueName":"search_term_string"}}],"inLanguage":"en-US"}]}},"_links":{"self":[{"href":"https:\/\/www.oscarbstudio.com\/en\/wp-json\/wp\/v2\/pages\/10709"}],"collection":[{"href":"https:\/\/www.oscarbstudio.com\/en\/wp-json\/wp\/v2\/pages"}],"about":[{"href":"https:\/\/www.oscarbstudio.com\/en\/wp-json\/wp\/v2\/types\/page"}],"author":[{"embeddable":true,"href":"https:\/\/www.oscarbstudio.com\/en\/wp-json\/wp\/v2\/users\/1"}],"replies":[{"embeddable":true,"href":"https:\/\/www.oscarbstudio.com\/en\/wp-json\/wp\/v2\/comments?post=10709"}],"version-history":[{"count":72,"href":"https:\/\/www.oscarbstudio.com\/en\/wp-json\/wp\/v2\/pages\/10709\/revisions"}],"predecessor-version":[{"id":23478,"href":"https:\/\/www.oscarbstudio.com\/en\/wp-json\/wp\/v2\/pages\/10709\/revisions\/23478"}],"wp:attachment":[{"href":"https:\/\/www.oscarbstudio.com\/en\/wp-json\/wp\/v2\/media?parent=10709"}],"curies":[{"name":"wp","href":"https:\/\/api.w.org\/{rel}","templated":true}]}}