{"id":11994,"date":"2018-11-15T15:34:31","date_gmt":"2018-11-15T14:34:31","guid":{"rendered":"http:\/\/www.oscarbstudio.com\/wordpress\/?page_id=11994"},"modified":"2019-09-02T13:17:27","modified_gmt":"2019-09-02T11:17:27","slug":"job","status":"publish","type":"page","link":"https:\/\/www.oscarbstudio.com\/en\/home-3\/job\/","title":{"rendered":"Job"},"content":{"rendered":"<p><div class=\"fusion-fullwidth fullwidth-box nonhundred-percent-fullwidth non-hundred-percent-height-scrolling\"  style='background-color: #ffffff;background-position: left top;background-repeat: no-repeat;padding-top:0px;padding-right:0px;padding-bottom:0px;padding-left:0px;border-top-width:0px;border-bottom-width:0px;border-color:#eae9e9;border-top-style:solid;border-bottom-style:solid;'><div class=\"fusion-builder-row fusion-row \"><div  class=\"fusion-layout-column fusion_builder_column fusion_builder_column_1_1  fusion-one-full fusion-column-first fusion-column-last fusion-blend-mode 1_1\"  style='margin-top:0px;margin-bottom:20px;'>\n\t\t\t\t\t<div class=\"fusion-column-wrapper\" style=\"background-color:#f6f6f6;padding: 40px 40px 40px 40px;background-position:left top;background-repeat:no-repeat;-webkit-background-size:cover;-moz-background-size:cover;-o-background-size:cover;background-size:cover;\"  data-bg-url=\"\">\n\t\t\t\t\t\t<div class=\"fusion-text\"><p style=\"font-size: 18px; margin-bottom: 12px;\"><span style=\"color: #333333;\"><strong>Contact<\/strong><\/span><\/p>\n<p style=\"font-size: 17px; line-height: 27px; margin-bottom: 0px;\">You are a 2D or 3D animator, specialist in modeling, set up or rendering, illustrator&#8230; you appreciate the studio\u2019s state of mind. If you want to join us, fill out the form and in the mail object, please mention your specialty.<br \/>\nDo not forget to attach a pdf of you book or a link to your web pages.<br \/>\nWe might not answer every mail due to a large number of applications we receive but all contacts will be preciously kept in our database.<br \/>\nThanks for your interest.<\/p>\n<\/div><div class=\"fusion-clearfix\"><\/div>\n\n\t\t\t\t\t<\/div>\n\t\t\t\t<\/div><\/div><\/div><div class=\"fusion-fullwidth fullwidth-box nonhundred-percent-fullwidth non-hundred-percent-height-scrolling\"  style='background-color: #ffffff;background-position: left top;background-repeat: no-repeat;padding-top:30px;padding-right:0px;padding-bottom:60px;padding-left:0px;border-top-width:0px;border-bottom-width:0px;border-color:#eaeaea;border-top-style:solid;border-bottom-style:solid;'><div class=\"fusion-builder-row fusion-row \"><div  class=\"fusion-layout-column fusion_builder_column fusion_builder_column_1_2  fusion-one-half fusion-column-first fusion-blend-mode 1_2\"  style='margin-top:0px;margin-bottom:20px;width:48%; margin-right: 4%;'>\n\t\t\t\t\t<div class=\"fusion-column-wrapper\" style=\"background-color:#f6f6f6;padding: 0px 0px 0px 0px;background-position:left top;background-repeat:no-repeat;-webkit-background-size:cover;-moz-background-size:cover;-o-background-size:cover;background-size:cover;\"  data-bg-url=\"\">\n\t\t\t\t\t\t<div class=\"fusion-text\"><h2 style=\"text-align: center;\">oscar B studio &#8211; animation 2D\/motion design<\/h2>\n<p style=\"text-align: center;\">Mail : <a href=\"mailto:job.paris@oscarbstudio.com\">job.paris@oscarbstudio.com<\/a><\/p>\n<\/div><div class=\"fusion-clearfix\"><\/div>\n\n\t\t\t\t\t<\/div>\n\t\t\t\t<\/div><div  class=\"fusion-layout-column fusion_builder_column fusion_builder_column_1_2  fusion-one-half fusion-column-last fusion-blend-mode 1_2\"  style='margin-top:0px;margin-bottom:20px;width:48%'>\n\t\t\t\t\t<div class=\"fusion-column-wrapper\" style=\"background-color:#f6f6f6;padding: 0px 0px 0px 0px;background-position:left top;background-repeat:no-repeat;-webkit-background-size:cover;-moz-background-size:cover;-o-background-size:cover;background-size:cover;\"  data-bg-url=\"\">\n\t\t\t\t\t\t<div class=\"fusion-text\"><h2 style=\"text-align: center;\">oscar B Lyon &#8211; animation 3D<\/h2>\n<p style=\"text-align: center;\">Mail : <a href=\"mailto:job.lyon@oscarbstudio.com\">job.lyon@oscarbstudio.com<\/a><\/p>\n<\/div><div class=\"fusion-clearfix\"><\/div>\n\n\t\t\t\t\t<\/div>\n\t\t\t\t<\/div><\/div><\/div><\/p>","protected":false},"excerpt":{"rendered":"","protected":false},"author":1,"featured_media":0,"parent":10709,"menu_order":0,"comment_status":"closed","ping_status":"closed","template":"","meta":{"_exactmetrics_skip_tracking":false,"_exactmetrics_sitenote_active":false,"_exactmetrics_sitenote_note":"","_exactmetrics_sitenote_category":0,"_uf_show_specific_survey":0,"_uf_disable_surveys":false,"footnotes":""},"class_list":["post-11994","page","type-page","status-publish","hentry"],"yoast_head":"<!-- This site is optimized with the Yoast SEO plugin v25.6 - https:\/\/yoast.com\/wordpress\/plugins\/seo\/ -->\n<title>Job - oscar B studio<\/title>\n<meta name=\"description\" content=\"(Fran\u00e7ais) Animateurs 2D et 3D, motion designers, sp\u00e9cialistes de la mod\u00e9lisation, du set up, du rendu, illustrateurs, auteurs, n&#039;h\u00e9sitez pas \u00e0 candidater par mail.\" \/>\n<meta name=\"robots\" content=\"index, follow, max-snippet:-1, max-image-preview:large, max-video-preview:-1\" \/>\n<link rel=\"canonical\" href=\"https:\/\/www.oscarbstudio.com\/en\/home-3\/job\/\" \/>\n<meta property=\"og:locale\" content=\"en_US\" \/>\n<meta property=\"og:type\" content=\"article\" \/>\n<meta property=\"og:title\" content=\"Job - oscar B studio\" \/>\n<meta property=\"og:description\" content=\"(Fran\u00e7ais) Animateurs 2D et 3D, motion designers, sp\u00e9cialistes de la mod\u00e9lisation, du set up, du rendu, illustrateurs, auteurs, n&#039;h\u00e9sitez pas \u00e0 candidater par mail.\" \/>\n<meta property=\"og:url\" content=\"https:\/\/www.oscarbstudio.com\/en\/home-3\/job\/\" \/>\n<meta property=\"og:site_name\" content=\"oscar B studio\" \/>\n<meta property=\"article:publisher\" content=\"https:\/\/www.facebook.com\/pages\/category\/Business-Service\/oscar-B-studio-506265036143613\/\" \/>\n<meta property=\"article:modified_time\" content=\"2019-09-02T11:17:27+00:00\" \/>\n<meta name=\"twitter:card\" content=\"summary_large_image\" \/>\n<meta name=\"twitter:label1\" content=\"Est. reading time\" \/>\n\t<meta name=\"twitter:data1\" content=\"5 minutes\" \/>\n<script type=\"application\/ld+json\" class=\"yoast-schema-graph\">{\"@context\":\"https:\/\/schema.org\",\"@graph\":[{\"@type\":\"WebPage\",\"@id\":\"https:\/\/www.oscarbstudio.com\/en\/home-3\/job\/\",\"url\":\"https:\/\/www.oscarbstudio.com\/en\/home-3\/job\/\",\"name\":\"Job - oscar B studio\",\"isPartOf\":{\"@id\":\"https:\/\/www.oscarbstudio.com\/en\/#website\"},\"datePublished\":\"2018-11-15T14:34:31+00:00\",\"dateModified\":\"2019-09-02T11:17:27+00:00\",\"description\":\"(Fran\u00e7ais) Animateurs 2D et 3D, motion designers, sp\u00e9cialistes de la mod\u00e9lisation, du set up, du rendu, illustrateurs, auteurs, n'h\u00e9sitez pas \u00e0 candidater par mail.\",\"breadcrumb\":{\"@id\":\"https:\/\/www.oscarbstudio.com\/en\/home-3\/job\/#breadcrumb\"},\"inLanguage\":\"en-US\",\"potentialAction\":[{\"@type\":\"ReadAction\",\"target\":[\"https:\/\/www.oscarbstudio.com\/en\/home-3\/job\/\"]}]},{\"@type\":\"BreadcrumbList\",\"@id\":\"https:\/\/www.oscarbstudio.com\/en\/home-3\/job\/#breadcrumb\",\"itemListElement\":[{\"@type\":\"ListItem\",\"position\":1,\"name\":\"Accueil\",\"item\":\"https:\/\/www.oscarbstudio.com\/en\/\"},{\"@type\":\"ListItem\",\"position\":2,\"name\":\"Home\",\"item\":\"https:\/\/www.oscarbstudio.com\/en\/\"},{\"@type\":\"ListItem\",\"position\":3,\"name\":\"Job\"}]},{\"@type\":\"WebSite\",\"@id\":\"https:\/\/www.oscarbstudio.com\/en\/#website\",\"url\":\"https:\/\/www.oscarbstudio.com\/en\/\",\"name\":\"oscar B studio\",\"description\":\"Studio d&#039;animation\",\"potentialAction\":[{\"@type\":\"SearchAction\",\"target\":{\"@type\":\"EntryPoint\",\"urlTemplate\":\"https:\/\/www.oscarbstudio.com\/en\/?s={search_term_string}\"},\"query-input\":{\"@type\":\"PropertyValueSpecification\",\"valueRequired\":true,\"valueName\":\"search_term_string\"}}],\"inLanguage\":\"en-US\"}]}<\/script>\n<!-- \/ Yoast SEO plugin. -->","yoast_head_json":{"title":"Job - oscar B studio","description":"(Fran\u00e7ais) Animateurs 2D et 3D, motion designers, sp\u00e9cialistes de la mod\u00e9lisation, du set up, du rendu, illustrateurs, auteurs, n'h\u00e9sitez pas \u00e0 candidater par mail.","robots":{"index":"index","follow":"follow","max-snippet":"max-snippet:-1","max-image-preview":"max-image-preview:large","max-video-preview":"max-video-preview:-1"},"canonical":"https:\/\/www.oscarbstudio.com\/en\/home-3\/job\/","og_locale":"en_US","og_type":"article","og_title":"Job - oscar B studio","og_description":"(Fran\u00e7ais) Animateurs 2D et 3D, motion designers, sp\u00e9cialistes de la mod\u00e9lisation, du set up, du rendu, illustrateurs, auteurs, n'h\u00e9sitez pas \u00e0 candidater par mail.","og_url":"https:\/\/www.oscarbstudio.com\/en\/home-3\/job\/","og_site_name":"oscar B studio","article_publisher":"https:\/\/www.facebook.com\/pages\/category\/Business-Service\/oscar-B-studio-506265036143613\/","article_modified_time":"2019-09-02T11:17:27+00:00","twitter_card":"summary_large_image","twitter_misc":{"Est. reading time":"5 minutes"},"schema":{"@context":"https:\/\/schema.org","@graph":[{"@type":"WebPage","@id":"https:\/\/www.oscarbstudio.com\/en\/home-3\/job\/","url":"https:\/\/www.oscarbstudio.com\/en\/home-3\/job\/","name":"Job - oscar B studio","isPartOf":{"@id":"https:\/\/www.oscarbstudio.com\/en\/#website"},"datePublished":"2018-11-15T14:34:31+00:00","dateModified":"2019-09-02T11:17:27+00:00","description":"(Fran\u00e7ais) Animateurs 2D et 3D, motion designers, sp\u00e9cialistes de la mod\u00e9lisation, du set up, du rendu, illustrateurs, auteurs, n'h\u00e9sitez pas \u00e0 candidater par mail.","breadcrumb":{"@id":"https:\/\/www.oscarbstudio.com\/en\/home-3\/job\/#breadcrumb"},"inLanguage":"en-US","potentialAction":[{"@type":"ReadAction","target":["https:\/\/www.oscarbstudio.com\/en\/home-3\/job\/"]}]},{"@type":"BreadcrumbList","@id":"https:\/\/www.oscarbstudio.com\/en\/home-3\/job\/#breadcrumb","itemListElement":[{"@type":"ListItem","position":1,"name":"Accueil","item":"https:\/\/www.oscarbstudio.com\/en\/"},{"@type":"ListItem","position":2,"name":"Home","item":"https:\/\/www.oscarbstudio.com\/en\/"},{"@type":"ListItem","position":3,"name":"Job"}]},{"@type":"WebSite","@id":"https:\/\/www.oscarbstudio.com\/en\/#website","url":"https:\/\/www.oscarbstudio.com\/en\/","name":"oscar B studio","description":"Studio d&#039;animation","potentialAction":[{"@type":"SearchAction","target":{"@type":"EntryPoint","urlTemplate":"https:\/\/www.oscarbstudio.com\/en\/?s={search_term_string}"},"query-input":{"@type":"PropertyValueSpecification","valueRequired":true,"valueName":"search_term_string"}}],"inLanguage":"en-US"}]}},"_links":{"self":[{"href":"https:\/\/www.oscarbstudio.com\/en\/wp-json\/wp\/v2\/pages\/11994"}],"collection":[{"href":"https:\/\/www.oscarbstudio.com\/en\/wp-json\/wp\/v2\/pages"}],"about":[{"href":"https:\/\/www.oscarbstudio.com\/en\/wp-json\/wp\/v2\/types\/page"}],"author":[{"embeddable":true,"href":"https:\/\/www.oscarbstudio.com\/en\/wp-json\/wp\/v2\/users\/1"}],"replies":[{"embeddable":true,"href":"https:\/\/www.oscarbstudio.com\/en\/wp-json\/wp\/v2\/comments?post=11994"}],"version-history":[{"count":13,"href":"https:\/\/www.oscarbstudio.com\/en\/wp-json\/wp\/v2\/pages\/11994\/revisions"}],"predecessor-version":[{"id":12576,"href":"https:\/\/www.oscarbstudio.com\/en\/wp-json\/wp\/v2\/pages\/11994\/revisions\/12576"}],"up":[{"embeddable":true,"href":"https:\/\/www.oscarbstudio.com\/en\/wp-json\/wp\/v2\/pages\/10709"}],"wp:attachment":[{"href":"https:\/\/www.oscarbstudio.com\/en\/wp-json\/wp\/v2\/media?parent=11994"}],"curies":[{"name":"wp","href":"https:\/\/api.w.org\/{rel}","templated":true}]}}