{"id":3735,"date":"2013-05-24T20:57:55","date_gmt":"2013-05-24T20:57:55","guid":{"rendered":"http:\/\/avada.theme-fusion.comxml\/?page_id=3735"},"modified":"2019-08-08T08:20:50","modified_gmt":"2019-08-08T06:20:50","slug":"contact","status":"publish","type":"page","link":"https:\/\/www.oscarbstudio.com\/en\/home-3\/contact\/","title":{"rendered":"Contact"},"content":{"rendered":"<p><div class=\"fusion-fullwidth fullwidth-box nonhundred-percent-fullwidth non-hundred-percent-height-scrolling\"  style='background-color: #ffffff;background-position: left top;background-repeat: no-repeat;padding-top:30px;padding-right:0px;padding-bottom:60px;padding-left:0px;border-top-width:0px;border-bottom-width:0px;border-color:#eaeaea;border-top-style:solid;border-bottom-style:solid;'><div class=\"fusion-builder-row fusion-row \"><div  class=\"fusion-layout-column fusion_builder_column fusion_builder_column_1_2  fusion-one-half fusion-column-first fusion-blend-mode 1_2\"  style='margin-top:0px;margin-bottom:20px;width:48%; margin-right: 4%;'>\n\t\t\t\t\t<div class=\"fusion-column-wrapper\" style=\"background-color:#f6f6f6;padding: 0px 0px 0px 0px;background-position:left top;background-repeat:no-repeat;-webkit-background-size:cover;-moz-background-size:cover;-o-background-size:cover;background-size:cover;\"  data-bg-url=\"\">\n\t\t\t\t\t\t<div class=\"fusion-text\"><h2 style=\"text-align: center;\">oscar B studio<\/h2>\n<\/div><iframe loading=\"lazy\" src=\"https:\/\/maps.google.fr\/maps?f=q&source=s_q&hl=fr&geocode=&q=16+quai+jean-baptiste+cl%C3%A9ment+alfortville&aq=&sll=48.7961,2.422118&sspn=0.012651,0.0262&gl=fr&g=48.796362,2.422206&ie=UTF8&hq=&hnear=16+Quai+Jean+Baptiste+Cl%C3%A9ment,+94140+Alfortville,+Val-de-Marne,+%C3%8Ele-de-France&ll=48.7961,2.422118&spn=0.01265,0.0262&t=m&z=14&output=embed\" width=\"100%\" height=\"500\" frameborder=\"0\" style=\"border:0\" allowfullscreen><\/iframe><div class=\"fusion-text\"><ul>\n<li style=\"list-style-type: none;\">16, quai Jean-Baptiste Cl\u00e9ment \/ 94140 Alfortville \/ T 01 43 78 41 01<br \/>\nMail : <a href=\"mailto:contact@oscarbstudio.com\"> contact@oscarbstudio.com<\/a>\n<\/li>\n<\/ul>\n<\/div><div class=\"fusion-clearfix\"><\/div>\n\n\t\t\t\t\t<\/div>\n\t\t\t\t<\/div><div  class=\"fusion-layout-column fusion_builder_column fusion_builder_column_1_2  fusion-one-half fusion-column-last fusion-blend-mode 1_2\"  style='margin-top:0px;margin-bottom:20px;width:48%'>\n\t\t\t\t\t<div class=\"fusion-column-wrapper\" style=\"background-color:#f6f6f6;padding: 0px 0px 0px 0px;background-position:left top;background-repeat:no-repeat;-webkit-background-size:cover;-moz-background-size:cover;-o-background-size:cover;background-size:cover;\"  data-bg-url=\"\">\n\t\t\t\t\t\t<div class=\"fusion-text\"><h2 style=\"text-align: center;\">oscar B Lyon<\/h2>\n<\/div><iframe loading=\"lazy\" src=\"https:\/\/www.google.com\/maps\/embed?pb=!1m18!1m12!1m3!1d2783.3536591474813!2d4.853039151229465!3d45.764102179002954!2m3!1f0!2f0!3f0!3m2!1i1024!2i768!4f13.1!3m3!1m2!1s0x47f4ea8a15a44b45%3A0x4547ef86f559ac3c!2s117+Rue+Mass%C3%A9na%2C+69006+Lyon-6E-Arrondissement!5e0!3m2!1sfr!2sfr!4v1517822377743\" width=\"100%\" height=\"500\" frameborder=\"0\" style=\"border:0\" allowfullscreen><\/iframe><div class=\"fusion-text\"><ul>\n<li style=\"list-style-type: none\">\n<ul>\n<li style=\"list-style-type: none;\">117, rue Massena \/ 69006 Lyon \/ T 04 26 63 28 54<br \/>\nMail :<a href=\"mailto:contact@oscarbstudio.com\"> contact@oscarbstudio.com<\/a><\/li>\n<\/ul>\n<\/li>\n<\/ul>\n<p>&nbsp;<\/p>\n<\/div><div class=\"fusion-clearfix\"><\/div>\n\n\t\t\t\t\t<\/div>\n\t\t\t\t<\/div><\/div><\/div><div class=\"fusion-fullwidth fullwidth-box nonhundred-percent-fullwidth non-hundred-percent-height-scrolling\"  style='background-color: #ffffff;background-position: left top;background-repeat: no-repeat;padding-top:0px;padding-right:0px;padding-bottom:0px;padding-left:0px;border-top-width:0px;border-bottom-width:0px;border-color:#eae9e9;border-top-style:solid;border-bottom-style:solid;'><div class=\"fusion-builder-row fusion-row \"><div  class=\"fusion-layout-column fusion_builder_column fusion_builder_column_1_1  fusion-one-full fusion-column-first fusion-column-last fusion-blend-mode 1_1\"  style='margin-top:0px;margin-bottom:20px;'>\n\t\t\t\t\t<div class=\"fusion-column-wrapper\" style=\"background-color:#f6f6f6;padding: 40px 40px 40px 40px;background-position:left top;background-repeat:no-repeat;-webkit-background-size:cover;-moz-background-size:cover;-o-background-size:cover;background-size:cover;\"  data-bg-url=\"\">\n\t\t\t\t\t\t<div class=\"fusion-text\"><p style=\"font-size: 18px; margin-bottom: 12px;\"><span style=\"color: #333333;\"><strong>Contact<\/strong><\/span><\/p>\n<p style=\"font-size: 17px; line-height: 27px; margin-bottom: 0px;\">Vous pouvez nous contacter directement via le formulaire ci-dessous. Si vous \u00eates \u00e0 la recherche d&#8217;un stage ou d&#8217;emploi, merci de bien vouloir nous contacter via la rubrique job en pr\u00e9cisant dans l&#8217;objet du mail le poste que vous souhaitez.<\/p>\n<p>\u00a0<\/p>\n<\/div>[contact-form-7 id=\"11966\" title=\"contact g\u00e9n\u00e9ral\"]<div class=\"fusion-clearfix\"><\/div>\n\n\t\t\t\t\t<\/div>\n\t\t\t\t<\/div><\/div><\/div><\/p>","protected":false},"excerpt":{"rendered":"","protected":false},"author":1,"featured_media":0,"parent":10709,"menu_order":0,"comment_status":"open","ping_status":"closed","template":"100-width.php","meta":{"_exactmetrics_skip_tracking":false,"_exactmetrics_sitenote_active":false,"_exactmetrics_sitenote_note":"","_exactmetrics_sitenote_category":0,"_uf_show_specific_survey":0,"_uf_disable_surveys":false,"footnotes":""},"class_list":["post-3735","page","type-page","status-publish","hentry"],"yoast_head":"<!-- This site is optimized with the Yoast SEO plugin v25.6 - https:\/\/yoast.com\/wordpress\/plugins\/seo\/ -->\n<title>Contact - oscar B studio<\/title>\n<meta name=\"description\" content=\"(Fran\u00e7ais) Adresses, plan et acc\u00e8s en transport en commun, num\u00e9ros de t\u00e9l\u00e9phone et mails des studios \u00e0 Paris (projets 2D) et Lyon (projets 3D).\" \/>\n<meta name=\"robots\" content=\"index, follow, max-snippet:-1, max-image-preview:large, max-video-preview:-1\" \/>\n<link rel=\"canonical\" href=\"https:\/\/www.oscarbstudio.com\/en\/home-3\/contact\/\" \/>\n<meta property=\"og:locale\" content=\"en_US\" \/>\n<meta property=\"og:type\" content=\"article\" \/>\n<meta property=\"og:title\" content=\"Contact - oscar B studio\" \/>\n<meta property=\"og:description\" content=\"(Fran\u00e7ais) Adresses, plan et acc\u00e8s en transport en commun, num\u00e9ros de t\u00e9l\u00e9phone et mails des studios \u00e0 Paris (projets 2D) et Lyon (projets 3D).\" \/>\n<meta property=\"og:url\" content=\"https:\/\/www.oscarbstudio.com\/en\/home-3\/contact\/\" \/>\n<meta property=\"og:site_name\" content=\"oscar B studio\" \/>\n<meta property=\"article:publisher\" content=\"https:\/\/www.facebook.com\/pages\/category\/Business-Service\/oscar-B-studio-506265036143613\/\" \/>\n<meta property=\"article:modified_time\" content=\"2019-08-08T06:20:50+00:00\" \/>\n<meta name=\"twitter:card\" content=\"summary_large_image\" \/>\n<meta name=\"twitter:label1\" content=\"Est. reading time\" \/>\n\t<meta name=\"twitter:data1\" content=\"6 minutes\" \/>\n<script type=\"application\/ld+json\" class=\"yoast-schema-graph\">{\"@context\":\"https:\/\/schema.org\",\"@graph\":[{\"@type\":\"WebPage\",\"@id\":\"https:\/\/www.oscarbstudio.com\/en\/home-3\/contact\/\",\"url\":\"https:\/\/www.oscarbstudio.com\/en\/home-3\/contact\/\",\"name\":\"Contact - oscar B studio\",\"isPartOf\":{\"@id\":\"https:\/\/www.oscarbstudio.com\/en\/#website\"},\"datePublished\":\"2013-05-24T20:57:55+00:00\",\"dateModified\":\"2019-08-08T06:20:50+00:00\",\"description\":\"(Fran\u00e7ais) Adresses, plan et acc\u00e8s en transport en commun, num\u00e9ros de t\u00e9l\u00e9phone et mails des studios \u00e0 Paris (projets 2D) et Lyon (projets 3D).\",\"breadcrumb\":{\"@id\":\"https:\/\/www.oscarbstudio.com\/en\/home-3\/contact\/#breadcrumb\"},\"inLanguage\":\"en-US\",\"potentialAction\":[{\"@type\":\"ReadAction\",\"target\":[\"https:\/\/www.oscarbstudio.com\/en\/home-3\/contact\/\"]}]},{\"@type\":\"BreadcrumbList\",\"@id\":\"https:\/\/www.oscarbstudio.com\/en\/home-3\/contact\/#breadcrumb\",\"itemListElement\":[{\"@type\":\"ListItem\",\"position\":1,\"name\":\"Accueil\",\"item\":\"https:\/\/www.oscarbstudio.com\/en\/\"},{\"@type\":\"ListItem\",\"position\":2,\"name\":\"Home\",\"item\":\"https:\/\/www.oscarbstudio.com\/en\/\"},{\"@type\":\"ListItem\",\"position\":3,\"name\":\"Contact\"}]},{\"@type\":\"WebSite\",\"@id\":\"https:\/\/www.oscarbstudio.com\/en\/#website\",\"url\":\"https:\/\/www.oscarbstudio.com\/en\/\",\"name\":\"oscar B studio\",\"description\":\"Studio d&#039;animation\",\"potentialAction\":[{\"@type\":\"SearchAction\",\"target\":{\"@type\":\"EntryPoint\",\"urlTemplate\":\"https:\/\/www.oscarbstudio.com\/en\/?s={search_term_string}\"},\"query-input\":{\"@type\":\"PropertyValueSpecification\",\"valueRequired\":true,\"valueName\":\"search_term_string\"}}],\"inLanguage\":\"en-US\"}]}<\/script>\n<!-- \/ Yoast SEO plugin. -->","yoast_head_json":{"title":"Contact - oscar B studio","description":"(Fran\u00e7ais) Adresses, plan et acc\u00e8s en transport en commun, num\u00e9ros de t\u00e9l\u00e9phone et mails des studios \u00e0 Paris (projets 2D) et Lyon (projets 3D).","robots":{"index":"index","follow":"follow","max-snippet":"max-snippet:-1","max-image-preview":"max-image-preview:large","max-video-preview":"max-video-preview:-1"},"canonical":"https:\/\/www.oscarbstudio.com\/en\/home-3\/contact\/","og_locale":"en_US","og_type":"article","og_title":"Contact - oscar B studio","og_description":"(Fran\u00e7ais) Adresses, plan et acc\u00e8s en transport en commun, num\u00e9ros de t\u00e9l\u00e9phone et mails des studios \u00e0 Paris (projets 2D) et Lyon (projets 3D).","og_url":"https:\/\/www.oscarbstudio.com\/en\/home-3\/contact\/","og_site_name":"oscar B studio","article_publisher":"https:\/\/www.facebook.com\/pages\/category\/Business-Service\/oscar-B-studio-506265036143613\/","article_modified_time":"2019-08-08T06:20:50+00:00","twitter_card":"summary_large_image","twitter_misc":{"Est. reading time":"6 minutes"},"schema":{"@context":"https:\/\/schema.org","@graph":[{"@type":"WebPage","@id":"https:\/\/www.oscarbstudio.com\/en\/home-3\/contact\/","url":"https:\/\/www.oscarbstudio.com\/en\/home-3\/contact\/","name":"Contact - oscar B studio","isPartOf":{"@id":"https:\/\/www.oscarbstudio.com\/en\/#website"},"datePublished":"2013-05-24T20:57:55+00:00","dateModified":"2019-08-08T06:20:50+00:00","description":"(Fran\u00e7ais) Adresses, plan et acc\u00e8s en transport en commun, num\u00e9ros de t\u00e9l\u00e9phone et mails des studios \u00e0 Paris (projets 2D) et Lyon (projets 3D).","breadcrumb":{"@id":"https:\/\/www.oscarbstudio.com\/en\/home-3\/contact\/#breadcrumb"},"inLanguage":"en-US","potentialAction":[{"@type":"ReadAction","target":["https:\/\/www.oscarbstudio.com\/en\/home-3\/contact\/"]}]},{"@type":"BreadcrumbList","@id":"https:\/\/www.oscarbstudio.com\/en\/home-3\/contact\/#breadcrumb","itemListElement":[{"@type":"ListItem","position":1,"name":"Accueil","item":"https:\/\/www.oscarbstudio.com\/en\/"},{"@type":"ListItem","position":2,"name":"Home","item":"https:\/\/www.oscarbstudio.com\/en\/"},{"@type":"ListItem","position":3,"name":"Contact"}]},{"@type":"WebSite","@id":"https:\/\/www.oscarbstudio.com\/en\/#website","url":"https:\/\/www.oscarbstudio.com\/en\/","name":"oscar B studio","description":"Studio d&#039;animation","potentialAction":[{"@type":"SearchAction","target":{"@type":"EntryPoint","urlTemplate":"https:\/\/www.oscarbstudio.com\/en\/?s={search_term_string}"},"query-input":{"@type":"PropertyValueSpecification","valueRequired":true,"valueName":"search_term_string"}}],"inLanguage":"en-US"}]}},"_links":{"self":[{"href":"https:\/\/www.oscarbstudio.com\/en\/wp-json\/wp\/v2\/pages\/3735"}],"collection":[{"href":"https:\/\/www.oscarbstudio.com\/en\/wp-json\/wp\/v2\/pages"}],"about":[{"href":"https:\/\/www.oscarbstudio.com\/en\/wp-json\/wp\/v2\/types\/page"}],"author":[{"embeddable":true,"href":"https:\/\/www.oscarbstudio.com\/en\/wp-json\/wp\/v2\/users\/1"}],"replies":[{"embeddable":true,"href":"https:\/\/www.oscarbstudio.com\/en\/wp-json\/wp\/v2\/comments?post=3735"}],"version-history":[{"count":56,"href":"https:\/\/www.oscarbstudio.com\/en\/wp-json\/wp\/v2\/pages\/3735\/revisions"}],"predecessor-version":[{"id":12571,"href":"https:\/\/www.oscarbstudio.com\/en\/wp-json\/wp\/v2\/pages\/3735\/revisions\/12571"}],"up":[{"embeddable":true,"href":"https:\/\/www.oscarbstudio.com\/en\/wp-json\/wp\/v2\/pages\/10709"}],"wp:attachment":[{"href":"https:\/\/www.oscarbstudio.com\/en\/wp-json\/wp\/v2\/media?parent=3735"}],"curies":[{"name":"wp","href":"https:\/\/api.w.org\/{rel}","templated":true}]}}